{"id":3591,"date":"2017-07-25T09:19:56","date_gmt":"2017-07-25T09:19:56","guid":{"rendered":"https:\/\/themes.themegoods.com\/grandtour\/demo2\/?page_id=2"},"modified":"2026-01-07T22:06:48","modified_gmt":"2026-01-07T22:06:48","slug":"sobre-nosotros","status":"publish","type":"page","link":"https:\/\/viajesagentur.com\/?page_id=3591","title":{"rendered":"Sobre nosotros"},"content":{"rendered":"\n<div class=\"one withsmallpadding ppb_header \" style=\"text-align: left; padding: 30px 0 30px 0;\">\n<div class=\"standard_wrapper\">\n<div class=\"page_content_wrapper\">\n<div class=\"inner\">\n<div style=\"margin: auto; width: 100%;\">\n<h3><strong>Viajes Agentur S.A.<\/strong> es una agencia con m\u00e1s de siete d\u00e9cadas de trayectoria, fundada el 20 de julio de 1951. Durante m\u00e1s de 70 a\u00f1os hemos construido una reputaci\u00f3n basada en la consultor\u00eda experta, la asesor\u00eda integral y la administraci\u00f3n especializada de viajes para clientes corporativos y vacacionales.<\/h3>\n<p>&nbsp;<\/p>\n<\/div>\n<h3>Somos socios de <strong>L\u2019ALIANXA TRAVEL NETWORK y CORPORATE TRAVEL MANAGEMENT (CTM)<\/strong>, alianzas estrat\u00e9gicas que nos brindan presencia en m\u00e1s de 90 pa\u00edses y acceso a 3.000 oficinas alrededor del mundo, garantizando un servicio de cobertura global con est\u00e1ndares de primer nivel.<\/h3>\n<p>&nbsp;<\/p>\n<\/div>\n<h3>Adicionalmente, hacemos parte de ANATO desde hace m\u00e1s de 30 a\u00f1os, reafirmando nuestro compromiso con la calidad y la profesionalizaci\u00f3n del sector.<\/h3>\n<p>&nbsp;<\/p>\n<\/div>\n<h3>Contamos con Registro Nacional de Turismo como agencia de viajes (RNT 489) y como operador mayorista (RNT 105039).<\/h3>\n<\/div>\n<\/div>\n<\/div>\n<\/div>\n<\/div>\n\n\n\n<div class=\"one withsmallpadding ppb_header \" style=\"text-align: left; padding: 30px 0 30px 0;\">\n<div class=\"standard_wrapper\">\n<div class=\"page_content_wrapper\">\n<div class=\"inner\">\n<div style=\"margin: auto; width: 100%;\">\n<h2 class=\"ppb_title\">&nbsp;<\/h2>\n<\/div>\n<\/div>\n<\/div>\n<\/div>\n<\/div>\n\n\n\n<div class=\"one withsmallpadding ppb_header \" style=\"text-align: left; padding: 30px 0 30px 0;\">\n<div class=\"standard_wrapper\">\n<div class=\"page_content_wrapper\">\n<div class=\"inner\">\n<div style=\"margin: auto; width: 100%;\">\n<h2 class=\"ppb_title\">&nbsp;<\/h2>\n<\/div>\n<\/div>\n<\/div>\n<\/div>\n<\/div>\n","protected":false},"excerpt":{"rendered":"<p>Viajes Agentur S.A. es una agencia con m\u00e1s de siete d\u00e9cadas de trayectoria, fundada el 20 de julio de 1951. Durante m\u00e1s de 70 a\u00f1os hemos construido una reputaci\u00f3n basada en la consultor\u00eda experta, la asesor\u00eda integral y la administraci\u00f3n [&hellip;]<\/p>\n","protected":false},"author":1,"featured_media":6553,"parent":0,"menu_order":0,"comment_status":"closed","ping_status":"closed","template":"","meta":{"_exactmetrics_skip_tracking":false,"_exactmetrics_sitenote_active":false,"_exactmetrics_sitenote_note":"","_exactmetrics_sitenote_category":0,"footnotes":""},"class_list":["post-3591","page","type-page","status-publish","has-post-thumbnail","hentry"],"yoast_head":"<!-- This site is optimized with the Yoast SEO plugin v27.5 - https:\/\/yoast.com\/product\/yoast-seo-wordpress\/ -->\n<title>Viajes Agentur: Sobre Nosotros<\/title>\n<meta name=\"description\" content=\"Agencia de viajes en Colombia con planes nacionales e internacionales, asesor\u00eda experta y tarifas competitivas. M\u00e1s de 70 a\u00f1os en el mercado\" \/>\n<meta name=\"robots\" content=\"index, follow, max-snippet:-1, max-image-preview:large, max-video-preview:-1\" \/>\n<link rel=\"canonical\" href=\"https:\/\/viajesagentur.com\/?page_id=3591\" \/>\n<meta property=\"og:locale\" content=\"es_ES\" \/>\n<meta property=\"og:type\" content=\"article\" \/>\n<meta property=\"og:title\" content=\"Viajes Agentur: Sobre Nosotros\" \/>\n<meta property=\"og:description\" content=\"Agencia de viajes en Colombia con planes nacionales e internacionales, asesor\u00eda experta y tarifas competitivas. M\u00e1s de 70 a\u00f1os en el mercado\" \/>\n<meta property=\"og:url\" content=\"https:\/\/viajesagentur.com\/?page_id=3591\" \/>\n<meta property=\"og:site_name\" content=\"Viajes Agentur\" \/>\n<meta property=\"article:publisher\" content=\"https:\/\/www.facebook.com\/viajesagentur\" \/>\n<meta property=\"article:modified_time\" content=\"2026-01-07T22:06:48+00:00\" \/>\n<meta property=\"og:image\" content=\"https:\/\/viajesagentur.com\/wp-content\/uploads\/2025\/12\/sputnix-1-vdT7v6GnyLQ-unsplash-scaled.jpg\" \/>\n\t<meta property=\"og:image:width\" content=\"2560\" \/>\n\t<meta property=\"og:image:height\" content=\"1440\" \/>\n\t<meta property=\"og:image:type\" content=\"image\/jpeg\" \/>\n<meta name=\"twitter:card\" content=\"summary_large_image\" \/>\n<meta name=\"twitter:label1\" content=\"Tiempo de lectura\" \/>\n\t<meta name=\"twitter:data1\" content=\"1 minuto\" \/>\n<script type=\"application\/ld+json\" class=\"yoast-schema-graph\">{\"@context\":\"https:\\\/\\\/schema.org\",\"@graph\":[{\"@type\":\"WebPage\",\"@id\":\"https:\\\/\\\/viajesagentur.com\\\/?page_id=3591\",\"url\":\"https:\\\/\\\/viajesagentur.com\\\/?page_id=3591\",\"name\":\"Viajes Agentur: Sobre Nosotros\",\"isPartOf\":{\"@id\":\"https:\\\/\\\/viajesagentur.com\\\/#website\"},\"primaryImageOfPage\":{\"@id\":\"https:\\\/\\\/viajesagentur.com\\\/?page_id=3591#primaryimage\"},\"image\":{\"@id\":\"https:\\\/\\\/viajesagentur.com\\\/?page_id=3591#primaryimage\"},\"thumbnailUrl\":\"https:\\\/\\\/i0.wp.com\\\/viajesagentur.com\\\/wp-content\\\/uploads\\\/2025\\\/12\\\/sputnix-1-vdT7v6GnyLQ-unsplash-scaled.jpg?fit=2560%2C1440&ssl=1\",\"datePublished\":\"2017-07-25T09:19:56+00:00\",\"dateModified\":\"2026-01-07T22:06:48+00:00\",\"description\":\"Agencia de viajes en Colombia con planes nacionales e internacionales, asesor\u00eda experta y tarifas competitivas. M\u00e1s de 70 a\u00f1os en el mercado\",\"breadcrumb\":{\"@id\":\"https:\\\/\\\/viajesagentur.com\\\/?page_id=3591#breadcrumb\"},\"inLanguage\":\"es\",\"potentialAction\":[{\"@type\":\"ReadAction\",\"target\":[\"https:\\\/\\\/viajesagentur.com\\\/?page_id=3591\"]}]},{\"@type\":\"ImageObject\",\"inLanguage\":\"es\",\"@id\":\"https:\\\/\\\/viajesagentur.com\\\/?page_id=3591#primaryimage\",\"url\":\"https:\\\/\\\/i0.wp.com\\\/viajesagentur.com\\\/wp-content\\\/uploads\\\/2025\\\/12\\\/sputnix-1-vdT7v6GnyLQ-unsplash-scaled.jpg?fit=2560%2C1440&ssl=1\",\"contentUrl\":\"https:\\\/\\\/i0.wp.com\\\/viajesagentur.com\\\/wp-content\\\/uploads\\\/2025\\\/12\\\/sputnix-1-vdT7v6GnyLQ-unsplash-scaled.jpg?fit=2560%2C1440&ssl=1\",\"width\":2560,\"height\":1440},{\"@type\":\"BreadcrumbList\",\"@id\":\"https:\\\/\\\/viajesagentur.com\\\/?page_id=3591#breadcrumb\",\"itemListElement\":[{\"@type\":\"ListItem\",\"position\":1,\"name\":\"Portada\",\"item\":\"https:\\\/\\\/viajesagentur.com\\\/\"},{\"@type\":\"ListItem\",\"position\":2,\"name\":\"Sobre nosotros\"}]},{\"@type\":\"WebSite\",\"@id\":\"https:\\\/\\\/viajesagentur.com\\\/#website\",\"url\":\"https:\\\/\\\/viajesagentur.com\\\/\",\"name\":\"Viajes Agentur\",\"description\":\"Agencia de viajes en Colombia - Planes Internacionales y Nacionales\",\"publisher\":{\"@id\":\"https:\\\/\\\/viajesagentur.com\\\/#organization\"},\"potentialAction\":[{\"@type\":\"SearchAction\",\"target\":{\"@type\":\"EntryPoint\",\"urlTemplate\":\"https:\\\/\\\/viajesagentur.com\\\/?s={search_term_string}\"},\"query-input\":{\"@type\":\"PropertyValueSpecification\",\"valueRequired\":true,\"valueName\":\"search_term_string\"}}],\"inLanguage\":\"es\"},{\"@type\":\"Organization\",\"@id\":\"https:\\\/\\\/viajesagentur.com\\\/#organization\",\"name\":\"Viajes Agentur\",\"url\":\"https:\\\/\\\/viajesagentur.com\\\/\",\"logo\":{\"@type\":\"ImageObject\",\"inLanguage\":\"es\",\"@id\":\"https:\\\/\\\/viajesagentur.com\\\/#\\\/schema\\\/logo\\\/image\\\/\",\"url\":\"https:\\\/\\\/i0.wp.com\\\/viajesagentur.com\\\/wp-content\\\/uploads\\\/2025\\\/12\\\/logo-agentur1.png?fit=601%2C201&ssl=1\",\"contentUrl\":\"https:\\\/\\\/i0.wp.com\\\/viajesagentur.com\\\/wp-content\\\/uploads\\\/2025\\\/12\\\/logo-agentur1.png?fit=601%2C201&ssl=1\",\"width\":601,\"height\":201,\"caption\":\"Viajes Agentur\"},\"image\":{\"@id\":\"https:\\\/\\\/viajesagentur.com\\\/#\\\/schema\\\/logo\\\/image\\\/\"},\"sameAs\":[\"https:\\\/\\\/www.facebook.com\\\/viajesagentur\",\"https:\\\/\\\/www.linkedin.com\\\/company\\\/agentur-travel\\\/\",\"https:\\\/\\\/www.instagram.com\\\/viajesagentur\\\/\"]}]}<\/script>\n<!-- \/ Yoast SEO plugin. -->","yoast_head_json":{"title":"Viajes Agentur: Sobre Nosotros","description":"Agencia de viajes en Colombia con planes nacionales e internacionales, asesor\u00eda experta y tarifas competitivas. M\u00e1s de 70 a\u00f1os en el mercado","robots":{"index":"index","follow":"follow","max-snippet":"max-snippet:-1","max-image-preview":"max-image-preview:large","max-video-preview":"max-video-preview:-1"},"canonical":"https:\/\/viajesagentur.com\/?page_id=3591","og_locale":"es_ES","og_type":"article","og_title":"Viajes Agentur: Sobre Nosotros","og_description":"Agencia de viajes en Colombia con planes nacionales e internacionales, asesor\u00eda experta y tarifas competitivas. M\u00e1s de 70 a\u00f1os en el mercado","og_url":"https:\/\/viajesagentur.com\/?page_id=3591","og_site_name":"Viajes Agentur","article_publisher":"https:\/\/www.facebook.com\/viajesagentur","article_modified_time":"2026-01-07T22:06:48+00:00","og_image":[{"width":2560,"height":1440,"url":"https:\/\/viajesagentur.com\/wp-content\/uploads\/2025\/12\/sputnix-1-vdT7v6GnyLQ-unsplash-scaled.jpg","type":"image\/jpeg"}],"twitter_card":"summary_large_image","twitter_misc":{"Tiempo de lectura":"1 minuto"},"schema":{"@context":"https:\/\/schema.org","@graph":[{"@type":"WebPage","@id":"https:\/\/viajesagentur.com\/?page_id=3591","url":"https:\/\/viajesagentur.com\/?page_id=3591","name":"Viajes Agentur: Sobre Nosotros","isPartOf":{"@id":"https:\/\/viajesagentur.com\/#website"},"primaryImageOfPage":{"@id":"https:\/\/viajesagentur.com\/?page_id=3591#primaryimage"},"image":{"@id":"https:\/\/viajesagentur.com\/?page_id=3591#primaryimage"},"thumbnailUrl":"https:\/\/i0.wp.com\/viajesagentur.com\/wp-content\/uploads\/2025\/12\/sputnix-1-vdT7v6GnyLQ-unsplash-scaled.jpg?fit=2560%2C1440&ssl=1","datePublished":"2017-07-25T09:19:56+00:00","dateModified":"2026-01-07T22:06:48+00:00","description":"Agencia de viajes en Colombia con planes nacionales e internacionales, asesor\u00eda experta y tarifas competitivas. M\u00e1s de 70 a\u00f1os en el mercado","breadcrumb":{"@id":"https:\/\/viajesagentur.com\/?page_id=3591#breadcrumb"},"inLanguage":"es","potentialAction":[{"@type":"ReadAction","target":["https:\/\/viajesagentur.com\/?page_id=3591"]}]},{"@type":"ImageObject","inLanguage":"es","@id":"https:\/\/viajesagentur.com\/?page_id=3591#primaryimage","url":"https:\/\/i0.wp.com\/viajesagentur.com\/wp-content\/uploads\/2025\/12\/sputnix-1-vdT7v6GnyLQ-unsplash-scaled.jpg?fit=2560%2C1440&ssl=1","contentUrl":"https:\/\/i0.wp.com\/viajesagentur.com\/wp-content\/uploads\/2025\/12\/sputnix-1-vdT7v6GnyLQ-unsplash-scaled.jpg?fit=2560%2C1440&ssl=1","width":2560,"height":1440},{"@type":"BreadcrumbList","@id":"https:\/\/viajesagentur.com\/?page_id=3591#breadcrumb","itemListElement":[{"@type":"ListItem","position":1,"name":"Portada","item":"https:\/\/viajesagentur.com\/"},{"@type":"ListItem","position":2,"name":"Sobre nosotros"}]},{"@type":"WebSite","@id":"https:\/\/viajesagentur.com\/#website","url":"https:\/\/viajesagentur.com\/","name":"Viajes Agentur","description":"Agencia de viajes en Colombia - Planes Internacionales y Nacionales","publisher":{"@id":"https:\/\/viajesagentur.com\/#organization"},"potentialAction":[{"@type":"SearchAction","target":{"@type":"EntryPoint","urlTemplate":"https:\/\/viajesagentur.com\/?s={search_term_string}"},"query-input":{"@type":"PropertyValueSpecification","valueRequired":true,"valueName":"search_term_string"}}],"inLanguage":"es"},{"@type":"Organization","@id":"https:\/\/viajesagentur.com\/#organization","name":"Viajes Agentur","url":"https:\/\/viajesagentur.com\/","logo":{"@type":"ImageObject","inLanguage":"es","@id":"https:\/\/viajesagentur.com\/#\/schema\/logo\/image\/","url":"https:\/\/i0.wp.com\/viajesagentur.com\/wp-content\/uploads\/2025\/12\/logo-agentur1.png?fit=601%2C201&ssl=1","contentUrl":"https:\/\/i0.wp.com\/viajesagentur.com\/wp-content\/uploads\/2025\/12\/logo-agentur1.png?fit=601%2C201&ssl=1","width":601,"height":201,"caption":"Viajes Agentur"},"image":{"@id":"https:\/\/viajesagentur.com\/#\/schema\/logo\/image\/"},"sameAs":["https:\/\/www.facebook.com\/viajesagentur","https:\/\/www.linkedin.com\/company\/agentur-travel\/","https:\/\/www.instagram.com\/viajesagentur\/"]}]}},"jetpack_sharing_enabled":true,"_links":{"self":[{"href":"https:\/\/viajesagentur.com\/index.php?rest_route=\/wp\/v2\/pages\/3591","targetHints":{"allow":["GET"]}}],"collection":[{"href":"https:\/\/viajesagentur.com\/index.php?rest_route=\/wp\/v2\/pages"}],"about":[{"href":"https:\/\/viajesagentur.com\/index.php?rest_route=\/wp\/v2\/types\/page"}],"author":[{"embeddable":true,"href":"https:\/\/viajesagentur.com\/index.php?rest_route=\/wp\/v2\/users\/1"}],"replies":[{"embeddable":true,"href":"https:\/\/viajesagentur.com\/index.php?rest_route=%2Fwp%2Fv2%2Fcomments&post=3591"}],"version-history":[{"count":77,"href":"https:\/\/viajesagentur.com\/index.php?rest_route=\/wp\/v2\/pages\/3591\/revisions"}],"predecessor-version":[{"id":6688,"href":"https:\/\/viajesagentur.com\/index.php?rest_route=\/wp\/v2\/pages\/3591\/revisions\/6688"}],"wp:featuredmedia":[{"embeddable":true,"href":"https:\/\/viajesagentur.com\/index.php?rest_route=\/wp\/v2\/media\/6553"}],"wp:attachment":[{"href":"https:\/\/viajesagentur.com\/index.php?rest_route=%2Fwp%2Fv2%2Fmedia&parent=3591"}],"curies":[{"name":"wp","href":"https:\/\/api.w.org\/{rel}","templated":true}]}}