{"id":4021,"date":"2020-10-15T19:01:37","date_gmt":"2020-10-15T19:01:37","guid":{"rendered":"https:\/\/viajesagentur.com\/?page_id=4021"},"modified":"2026-01-07T22:01:16","modified_gmt":"2026-01-07T22:01:16","slug":"destinos","status":"publish","type":"page","link":"https:\/\/viajesagentur.com\/?page_id=4021","title":{"rendered":"Destinos"},"content":{"rendered":"<div  class=\"one withsmallpadding ppb_header parallax withbg \" style=\"background-image:url(https:\/\/viajesagentur.com\/wp-content\/uploads\/2025\/12\/parker-hilton-VtGLcivTXtk-unsplash-scaled-e1765289232543.jpg);background-position: center bottom;text-align:left;padding:95px 0 95px 0;color:#ffffff;\" >\n<div class=\"standard_wrapper\">\n<div class=\"page_content_wrapper\">\n<div class=\"inner\">\n<div style=\"margin:auto;width:100%\">\n<h2 class=\"ppb_title\" style=\"color:#ffffff;\">Todos los destinos<\/h2>\n<div class=\"page_tagline\" style=\"color:#ffffff;\">Enam\u00f3rate del mundo. Explora todos los destinos que tenemos para ofrecerte&#8230;<\/div>\n<\/div>\n<\/div>\n<\/div>\n<\/div>\n<\/div>\n<div  class=\"ppb_destination_grid one nopadding \" >\n<div class=\"page_content_wrapper page_main_content sidebar_content full_width fixed_column\">\n<div class=\"standard_wrapper\">\n<div id=\"17678232761886669621\" class=\"portfolio_filter_wrapper gallery grid portrait four_cols\" data-columns=\"4\">\n<div class=\"element grid baseline classic4_cols animated1\">\n<div class=\"one_fourth gallery4 grid static filterable portfolio_type themeborder\" style=\"background-image:url(https:\/\/viajesagentur.com\/wp-content\/uploads\/2025\/11\/justine-de-gennes-ajK2wX-ZnZU-unsplash-scaled-e1764769533265-700x466.jpg);\"><a class=\"tour_image\" href=\"https:\/\/viajesagentur.com\/?destination=promociones-2x1\"><\/a><\/p>\n<div class=\"portfolio_info_wrapper\">\n<div class=\"portfolio_info_content\">\n<h3>Promociones 2&#215;1: 2026<\/h3>\n<\/div>\n<\/div>\n<\/div>\n<\/div>\n<div class=\"element grid baseline classic4_cols animated2\">\n<div class=\"one_fourth gallery4 grid static filterable portfolio_type themeborder\" style=\"background-image:url(https:\/\/viajesagentur.com\/wp-content\/uploads\/2025\/11\/vuelos-700x466.jpg);\"><a class=\"tour_image\" href=\"https:\/\/viajesagentur.com\/?destination=programas-con-tiquetes-aereos\"><\/a><\/p>\n<div class=\"portfolio_info_wrapper\">\n<div class=\"portfolio_info_content\">\n<h3>Programas con tiquetes a\u00e9reos: 2026<\/h3>\n<\/div>\n<\/div>\n<\/div>\n<\/div>\n<div class=\"element grid baseline classic4_cols animated3\">\n<div class=\"one_fourth gallery4 grid static filterable portfolio_type themeborder\" style=\"background-image:url(https:\/\/viajesagentur.com\/wp-content\/uploads\/2025\/11\/mundial-futbol-700x466.jpg);\"><a class=\"tour_image\" href=\"https:\/\/viajesagentur.com\/?destination=mundial-de-futbol-2026\"><\/a><\/p>\n<div class=\"portfolio_info_wrapper\">\n<div class=\"portfolio_info_content\">\n<h3>Mundial de Futbol 2026<\/h3>\n<\/div>\n<\/div>\n<\/div>\n<\/div>\n<div class=\"element grid baseline classic4_cols animated4\">\n<div class=\"one_fourth gallery4 grid static filterable portfolio_type themeborder\" style=\"background-image:url(https:\/\/viajesagentur.com\/wp-content\/uploads\/2025\/11\/guia-1-700x466.jpg);\"><a class=\"tour_image\" href=\"https:\/\/viajesagentur.com\/?destination=salidas-especiales-con-guia-acompanante-desde-colombia\"><\/a><\/p>\n<div class=\"portfolio_info_wrapper\">\n<div class=\"portfolio_info_content\">\n<h3>Salidas especiales con gu\u00eda acompa\u00f1ante desde Colombia: 2026<\/h3>\n<\/div>\n<\/div>\n<\/div>\n<\/div>\n<div class=\"element grid baseline classic4_cols animated5\">\n<div class=\"one_fourth gallery4 grid static filterable portfolio_type themeborder\" style=\"background-image:url(https:\/\/viajesagentur.com\/wp-content\/uploads\/2025\/11\/regulares-700x466.jpg);\"><a class=\"tour_image\" href=\"https:\/\/viajesagentur.com\/?destination=salidas-regulares-2026\"><\/a><\/p>\n<div class=\"portfolio_info_wrapper\">\n<div class=\"portfolio_info_content\">\n<h3>Viajes Internacionales Multidestino 2026<\/h3>\n<\/div>\n<\/div>\n<\/div>\n<\/div>\n<div class=\"element grid baseline classic4_cols animated6\">\n<div class=\"one_fourth gallery4 grid static filterable portfolio_type themeborder\" style=\"background-image:url(https:\/\/viajesagentur.com\/wp-content\/uploads\/2025\/11\/playa-1-700x466.jpg);\"><a class=\"tour_image\" href=\"https:\/\/viajesagentur.com\/?destination=destinos-nacionales\"><\/a><\/p>\n<div class=\"portfolio_info_wrapper\">\n<div class=\"portfolio_info_content\">\n<h3>Destinos Nacionales y en el Caribe: 2026<\/h3>\n<\/div>\n<\/div>\n<\/div>\n<\/div>\n<div class=\"element grid baseline classic4_cols animated7\">\n<div class=\"one_fourth gallery4 grid static filterable portfolio_type themeborder\" style=\"background-image:url(https:\/\/viajesagentur.com\/wp-content\/uploads\/2025\/12\/15-1-700x466.jpg);\"><a class=\"tour_image\" href=\"https:\/\/viajesagentur.com\/?destination=viajes-para-quinceaneras-2026\"><\/a><\/p>\n<div class=\"portfolio_info_wrapper\">\n<div class=\"portfolio_info_content\">\n<h3>Viajes para Quincea\u00f1eras: 2026<\/h3>\n<\/div>\n<\/div>\n<\/div>\n<\/div>\n<div class=\"element grid baseline classic4_cols animated8\">\n<div class=\"one_fourth gallery4 grid static filterable portfolio_type themeborder\" style=\"background-image:url(https:\/\/viajesagentur.com\/wp-content\/uploads\/2025\/12\/geojango-maps-Z8UgB80_46w-unsplash-700x466.jpg);\"><a class=\"tour_image\" href=\"https:\/\/viajesagentur.com\/?destination=disenamos-tu-viaje-ideal-solicita-tu-cotizacion-personalizada\"><\/a><\/p>\n<div class=\"portfolio_info_wrapper\">\n<div class=\"portfolio_info_content\">\n<h3>Dise\u00f1amos tu viaje ideal: solicita tu cotizaci\u00f3n personalizada<\/h3>\n<\/div>\n<\/div>\n<\/div>\n<\/div>\n<div class=\"element grid baseline classic4_cols animated9\">\n<div class=\"one_fourth gallery4 grid static filterable portfolio_type themeborder\" style=\"background-image:url(https:\/\/viajesagentur.com\/wp-content\/uploads\/2025\/12\/alonso-reyes-haZNHEV2WXQ-unsplash-700x466.jpg);\"><a class=\"tour_image\" href=\"https:\/\/viajesagentur.com\/?destination=cruceros-2026\"><\/a><\/p>\n<div class=\"portfolio_info_wrapper\">\n<div class=\"portfolio_info_content\">\n<h3>Cruceros 2026<\/h3>\n<\/div>\n<\/div>\n<\/div>\n<\/div>\n<\/div>\n<\/div>\n<\/div>\n<\/div>\n","protected":false},"excerpt":{"rendered":"<p>Todos los destinos Enam\u00f3rate del mundo. Explora todos los destinos que tenemos para ofrecerte&#8230; Promociones 2&#215;1: 2026 Programas con tiquetes a\u00e9reos: 2026 Mundial de Futbol 2026 Salidas especiales con gu\u00eda acompa\u00f1ante desde Colombia: 2026 Viajes Internacionales Multidestino 2026 Destinos Nacionales [&hellip;]<\/p>\n","protected":false},"author":1,"featured_media":6546,"parent":0,"menu_order":0,"comment_status":"closed","ping_status":"closed","template":"","meta":{"_exactmetrics_skip_tracking":false,"_exactmetrics_sitenote_active":false,"_exactmetrics_sitenote_note":"","_exactmetrics_sitenote_category":0,"footnotes":""},"class_list":["post-4021","page","type-page","status-publish","has-post-thumbnail","hentry"],"yoast_head":"<!-- This site is optimized with the Yoast SEO plugin v27.5 - https:\/\/yoast.com\/product\/yoast-seo-wordpress\/ -->\n<title>Planes internacionales y nacionales<\/title>\n<meta name=\"description\" content=\"Viaja con una agencia confiable en Colombia. Planes nacionales e internacionales, tiquetes incluidos y asesor\u00eda experta.\" \/>\n<meta name=\"robots\" content=\"index, follow, max-snippet:-1, max-image-preview:large, max-video-preview:-1\" \/>\n<link rel=\"canonical\" href=\"https:\/\/viajesagentur.com\/?page_id=4021\" \/>\n<meta property=\"og:locale\" content=\"es_ES\" \/>\n<meta property=\"og:type\" content=\"article\" \/>\n<meta property=\"og:title\" content=\"Planes internacionales y nacionales\" \/>\n<meta property=\"og:description\" content=\"Viaja con una agencia confiable en Colombia. Planes nacionales e internacionales, tiquetes incluidos y asesor\u00eda experta.\" \/>\n<meta property=\"og:url\" content=\"https:\/\/viajesagentur.com\/?page_id=4021\" \/>\n<meta property=\"og:site_name\" content=\"Viajes Agentur\" \/>\n<meta property=\"article:publisher\" content=\"https:\/\/www.facebook.com\/viajesagentur\" \/>\n<meta property=\"article:modified_time\" content=\"2026-01-07T22:01:16+00:00\" \/>\n<meta property=\"og:image\" content=\"https:\/\/viajesagentur.com\/wp-content\/uploads\/2025\/12\/parker-hilton-VtGLcivTXtk-unsplash-scaled-e1765289232543.jpg\" \/>\n\t<meta property=\"og:image:width\" content=\"2560\" \/>\n\t<meta property=\"og:image:height\" content=\"576\" \/>\n\t<meta property=\"og:image:type\" content=\"image\/jpeg\" \/>\n<meta name=\"twitter:card\" content=\"summary_large_image\" \/>\n<meta name=\"twitter:label1\" content=\"Tiempo de lectura\" \/>\n\t<meta name=\"twitter:data1\" content=\"1 minuto\" \/>\n<script type=\"application\/ld+json\" class=\"yoast-schema-graph\">{\"@context\":\"https:\\\/\\\/schema.org\",\"@graph\":[{\"@type\":\"WebPage\",\"@id\":\"https:\\\/\\\/viajesagentur.com\\\/?page_id=4021\",\"url\":\"https:\\\/\\\/viajesagentur.com\\\/?page_id=4021\",\"name\":\"Planes internacionales y nacionales\",\"isPartOf\":{\"@id\":\"https:\\\/\\\/viajesagentur.com\\\/#website\"},\"primaryImageOfPage\":{\"@id\":\"https:\\\/\\\/viajesagentur.com\\\/?page_id=4021#primaryimage\"},\"image\":{\"@id\":\"https:\\\/\\\/viajesagentur.com\\\/?page_id=4021#primaryimage\"},\"thumbnailUrl\":\"https:\\\/\\\/i0.wp.com\\\/viajesagentur.com\\\/wp-content\\\/uploads\\\/2025\\\/12\\\/parker-hilton-VtGLcivTXtk-unsplash-scaled-e1765289232543.jpg?fit=2560%2C576&ssl=1\",\"datePublished\":\"2020-10-15T19:01:37+00:00\",\"dateModified\":\"2026-01-07T22:01:16+00:00\",\"description\":\"Viaja con una agencia confiable en Colombia. Planes nacionales e internacionales, tiquetes incluidos y asesor\u00eda experta.\",\"breadcrumb\":{\"@id\":\"https:\\\/\\\/viajesagentur.com\\\/?page_id=4021#breadcrumb\"},\"inLanguage\":\"es\",\"potentialAction\":[{\"@type\":\"ReadAction\",\"target\":[\"https:\\\/\\\/viajesagentur.com\\\/?page_id=4021\"]}]},{\"@type\":\"ImageObject\",\"inLanguage\":\"es\",\"@id\":\"https:\\\/\\\/viajesagentur.com\\\/?page_id=4021#primaryimage\",\"url\":\"https:\\\/\\\/i0.wp.com\\\/viajesagentur.com\\\/wp-content\\\/uploads\\\/2025\\\/12\\\/parker-hilton-VtGLcivTXtk-unsplash-scaled-e1765289232543.jpg?fit=2560%2C576&ssl=1\",\"contentUrl\":\"https:\\\/\\\/i0.wp.com\\\/viajesagentur.com\\\/wp-content\\\/uploads\\\/2025\\\/12\\\/parker-hilton-VtGLcivTXtk-unsplash-scaled-e1765289232543.jpg?fit=2560%2C576&ssl=1\",\"width\":2560,\"height\":576},{\"@type\":\"BreadcrumbList\",\"@id\":\"https:\\\/\\\/viajesagentur.com\\\/?page_id=4021#breadcrumb\",\"itemListElement\":[{\"@type\":\"ListItem\",\"position\":1,\"name\":\"Portada\",\"item\":\"https:\\\/\\\/viajesagentur.com\\\/\"},{\"@type\":\"ListItem\",\"position\":2,\"name\":\"Destinos\"}]},{\"@type\":\"WebSite\",\"@id\":\"https:\\\/\\\/viajesagentur.com\\\/#website\",\"url\":\"https:\\\/\\\/viajesagentur.com\\\/\",\"name\":\"Viajes Agentur\",\"description\":\"Agencia de viajes en Colombia - Planes Internacionales y Nacionales\",\"publisher\":{\"@id\":\"https:\\\/\\\/viajesagentur.com\\\/#organization\"},\"potentialAction\":[{\"@type\":\"SearchAction\",\"target\":{\"@type\":\"EntryPoint\",\"urlTemplate\":\"https:\\\/\\\/viajesagentur.com\\\/?s={search_term_string}\"},\"query-input\":{\"@type\":\"PropertyValueSpecification\",\"valueRequired\":true,\"valueName\":\"search_term_string\"}}],\"inLanguage\":\"es\"},{\"@type\":\"Organization\",\"@id\":\"https:\\\/\\\/viajesagentur.com\\\/#organization\",\"name\":\"Viajes Agentur\",\"url\":\"https:\\\/\\\/viajesagentur.com\\\/\",\"logo\":{\"@type\":\"ImageObject\",\"inLanguage\":\"es\",\"@id\":\"https:\\\/\\\/viajesagentur.com\\\/#\\\/schema\\\/logo\\\/image\\\/\",\"url\":\"https:\\\/\\\/i0.wp.com\\\/viajesagentur.com\\\/wp-content\\\/uploads\\\/2025\\\/12\\\/logo-agentur1.png?fit=601%2C201&ssl=1\",\"contentUrl\":\"https:\\\/\\\/i0.wp.com\\\/viajesagentur.com\\\/wp-content\\\/uploads\\\/2025\\\/12\\\/logo-agentur1.png?fit=601%2C201&ssl=1\",\"width\":601,\"height\":201,\"caption\":\"Viajes Agentur\"},\"image\":{\"@id\":\"https:\\\/\\\/viajesagentur.com\\\/#\\\/schema\\\/logo\\\/image\\\/\"},\"sameAs\":[\"https:\\\/\\\/www.facebook.com\\\/viajesagentur\",\"https:\\\/\\\/www.linkedin.com\\\/company\\\/agentur-travel\\\/\",\"https:\\\/\\\/www.instagram.com\\\/viajesagentur\\\/\"]}]}<\/script>\n<!-- \/ Yoast SEO plugin. -->","yoast_head_json":{"title":"Planes internacionales y nacionales","description":"Viaja con una agencia confiable en Colombia. Planes nacionales e internacionales, tiquetes incluidos y asesor\u00eda experta.","robots":{"index":"index","follow":"follow","max-snippet":"max-snippet:-1","max-image-preview":"max-image-preview:large","max-video-preview":"max-video-preview:-1"},"canonical":"https:\/\/viajesagentur.com\/?page_id=4021","og_locale":"es_ES","og_type":"article","og_title":"Planes internacionales y nacionales","og_description":"Viaja con una agencia confiable en Colombia. Planes nacionales e internacionales, tiquetes incluidos y asesor\u00eda experta.","og_url":"https:\/\/viajesagentur.com\/?page_id=4021","og_site_name":"Viajes Agentur","article_publisher":"https:\/\/www.facebook.com\/viajesagentur","article_modified_time":"2026-01-07T22:01:16+00:00","og_image":[{"width":2560,"height":576,"url":"https:\/\/viajesagentur.com\/wp-content\/uploads\/2025\/12\/parker-hilton-VtGLcivTXtk-unsplash-scaled-e1765289232543.jpg","type":"image\/jpeg"}],"twitter_card":"summary_large_image","twitter_misc":{"Tiempo de lectura":"1 minuto"},"schema":{"@context":"https:\/\/schema.org","@graph":[{"@type":"WebPage","@id":"https:\/\/viajesagentur.com\/?page_id=4021","url":"https:\/\/viajesagentur.com\/?page_id=4021","name":"Planes internacionales y nacionales","isPartOf":{"@id":"https:\/\/viajesagentur.com\/#website"},"primaryImageOfPage":{"@id":"https:\/\/viajesagentur.com\/?page_id=4021#primaryimage"},"image":{"@id":"https:\/\/viajesagentur.com\/?page_id=4021#primaryimage"},"thumbnailUrl":"https:\/\/i0.wp.com\/viajesagentur.com\/wp-content\/uploads\/2025\/12\/parker-hilton-VtGLcivTXtk-unsplash-scaled-e1765289232543.jpg?fit=2560%2C576&ssl=1","datePublished":"2020-10-15T19:01:37+00:00","dateModified":"2026-01-07T22:01:16+00:00","description":"Viaja con una agencia confiable en Colombia. Planes nacionales e internacionales, tiquetes incluidos y asesor\u00eda experta.","breadcrumb":{"@id":"https:\/\/viajesagentur.com\/?page_id=4021#breadcrumb"},"inLanguage":"es","potentialAction":[{"@type":"ReadAction","target":["https:\/\/viajesagentur.com\/?page_id=4021"]}]},{"@type":"ImageObject","inLanguage":"es","@id":"https:\/\/viajesagentur.com\/?page_id=4021#primaryimage","url":"https:\/\/i0.wp.com\/viajesagentur.com\/wp-content\/uploads\/2025\/12\/parker-hilton-VtGLcivTXtk-unsplash-scaled-e1765289232543.jpg?fit=2560%2C576&ssl=1","contentUrl":"https:\/\/i0.wp.com\/viajesagentur.com\/wp-content\/uploads\/2025\/12\/parker-hilton-VtGLcivTXtk-unsplash-scaled-e1765289232543.jpg?fit=2560%2C576&ssl=1","width":2560,"height":576},{"@type":"BreadcrumbList","@id":"https:\/\/viajesagentur.com\/?page_id=4021#breadcrumb","itemListElement":[{"@type":"ListItem","position":1,"name":"Portada","item":"https:\/\/viajesagentur.com\/"},{"@type":"ListItem","position":2,"name":"Destinos"}]},{"@type":"WebSite","@id":"https:\/\/viajesagentur.com\/#website","url":"https:\/\/viajesagentur.com\/","name":"Viajes Agentur","description":"Agencia de viajes en Colombia - Planes Internacionales y Nacionales","publisher":{"@id":"https:\/\/viajesagentur.com\/#organization"},"potentialAction":[{"@type":"SearchAction","target":{"@type":"EntryPoint","urlTemplate":"https:\/\/viajesagentur.com\/?s={search_term_string}"},"query-input":{"@type":"PropertyValueSpecification","valueRequired":true,"valueName":"search_term_string"}}],"inLanguage":"es"},{"@type":"Organization","@id":"https:\/\/viajesagentur.com\/#organization","name":"Viajes Agentur","url":"https:\/\/viajesagentur.com\/","logo":{"@type":"ImageObject","inLanguage":"es","@id":"https:\/\/viajesagentur.com\/#\/schema\/logo\/image\/","url":"https:\/\/i0.wp.com\/viajesagentur.com\/wp-content\/uploads\/2025\/12\/logo-agentur1.png?fit=601%2C201&ssl=1","contentUrl":"https:\/\/i0.wp.com\/viajesagentur.com\/wp-content\/uploads\/2025\/12\/logo-agentur1.png?fit=601%2C201&ssl=1","width":601,"height":201,"caption":"Viajes Agentur"},"image":{"@id":"https:\/\/viajesagentur.com\/#\/schema\/logo\/image\/"},"sameAs":["https:\/\/www.facebook.com\/viajesagentur","https:\/\/www.linkedin.com\/company\/agentur-travel\/","https:\/\/www.instagram.com\/viajesagentur\/"]}]}},"jetpack_sharing_enabled":true,"_links":{"self":[{"href":"https:\/\/viajesagentur.com\/index.php?rest_route=\/wp\/v2\/pages\/4021","targetHints":{"allow":["GET"]}}],"collection":[{"href":"https:\/\/viajesagentur.com\/index.php?rest_route=\/wp\/v2\/pages"}],"about":[{"href":"https:\/\/viajesagentur.com\/index.php?rest_route=\/wp\/v2\/types\/page"}],"author":[{"embeddable":true,"href":"https:\/\/viajesagentur.com\/index.php?rest_route=\/wp\/v2\/users\/1"}],"replies":[{"embeddable":true,"href":"https:\/\/viajesagentur.com\/index.php?rest_route=%2Fwp%2Fv2%2Fcomments&post=4021"}],"version-history":[{"count":15,"href":"https:\/\/viajesagentur.com\/index.php?rest_route=\/wp\/v2\/pages\/4021\/revisions"}],"predecessor-version":[{"id":6795,"href":"https:\/\/viajesagentur.com\/index.php?rest_route=\/wp\/v2\/pages\/4021\/revisions\/6795"}],"wp:featuredmedia":[{"embeddable":true,"href":"https:\/\/viajesagentur.com\/index.php?rest_route=\/wp\/v2\/media\/6546"}],"wp:attachment":[{"href":"https:\/\/viajesagentur.com\/index.php?rest_route=%2Fwp%2Fv2%2Fmedia&parent=4021"}],"curies":[{"name":"wp","href":"https:\/\/api.w.org\/{rel}","templated":true}]}}