{"id":4034,"date":"2020-10-15T19:15:22","date_gmt":"2020-10-15T19:15:22","guid":{"rendered":"https:\/\/viajesagentur.com\/?page_id=4034"},"modified":"2026-02-24T19:47:39","modified_gmt":"2026-02-24T19:47:39","slug":"4034-2","status":"publish","type":"page","link":"https:\/\/viajesagentur.com\/?page_id=4034","title":{"rendered":"Visas"},"content":{"rendered":"<div  class=\"one withsmallpadding ppb_header parallax \" style=\"background-position: center top;text-align:left;padding:40px 0 40px 0;color:#000000;\" >\n<div class=\"overlay_background\" style=\"background:#ffffff;background:rgb(255,255,255,1);background:rgba(255,255,255,1);\"><\/div>\n<div class=\"standard_wrapper\">\n<div class=\"page_content_wrapper\">\n<div class=\"inner\">\n<div style=\"margin:auto;width:100%\">\n<h2 class=\"ppb_title\" style=\"color:#000000;\">Tr\u00e1mite de Visas<\/h2>\n<div class=\"page_tagline\" style=\"color:#000000;\">Consulta aqu\u00ed m\u00e1s informaci\u00f3n sobre nuestros tr\u00e1mites y servicios.<\/div>\n<div class=\"ppb_header_content\">\n<p>Puedes tambi\u00e9n ponerte en contacto con nosotros en la burbuja de Whatsapp en la parte inferior de la p\u00e1gina<\/p>\n<\/div>\n<\/div>\n<\/div>\n<\/div>\n<\/div>\n<\/div>\n<div  class=\"one withsmallpadding ppb_contact_half_bg withbg parallax \" style=\"background-image:url(https:\/\/viajesagentur.com\/wp-content\/uploads\/2020\/10\/nik-guiney-u0j-7yldsby-unsplash.jpeg);background-position: center top;padding:40px 0 40px 0;\" >\n<div class=\"standard_wrapper\">\n<div class=\"page_content_wrapper\">\n<div class=\"inner\">\n<div class=\"one_half_bg\" style=\"background:#ffffff;background:rgb(255,255,255,1);background:rgba(255,255,255,1);\" data-stellar-ratio=\"1.3\">\n<h2 class=\"ppb_title\" style=\"\">Agenda tu cita o cont\u00e1ctate con nosotros<\/h2>\n<div class=\"ppb_header_content\">\n<p>Haz clic aqu\u00ed para ver los requisitos de visa.<br \/>\n<a href=\"https:\/\/viajesagentur.com\/wp-content\/uploads\/2026\/02\/REQUISITOS-VISA-AMERICANA-1.pdf\">REQUISITOS VISA AMERICANA<\/a><\/p>\n<p>Haz clic aqu\u00ed para ver los requisitos de visa.<br \/>\n<a href=\"https:\/\/viajesagentur.com\/wp-content\/uploads\/2026\/02\/REQUISITOS-VISA-AUSTRALIA-1.pdf\">REQUISITOS VISA AUSTRALIA<\/a><\/p>\n<p>Haz clic aqu\u00ed para ver los requisitos de visa.<br \/>\n<a href=\"https:\/\/viajesagentur.com\/wp-content\/uploads\/2026\/02\/REQUISITOS-VISA-CANADA-1.pdf\">REQUISITOS VISA CANADA<\/a><\/p>\n<p>Haz clic aqu\u00ed para ver los requisitos de visa.<\/p>\n<p><a href=\"https:\/\/viajesagentur.com\/wp-content\/uploads\/2026\/02\/REQUISITOS-VISA-CHINA-1.pdf\">REQUISITOS VISA CHINA<\/a><\/p>\n<p>Haz clic aqu\u00ed para ver los requisitos de visa.<br \/>\n<a href=\"https:\/\/viajesagentur.com\/wp-content\/uploads\/2026\/02\/REQUISITOS-VISA-JAPON-1.pdf\">REQUISITOS VISA JAPON<\/a><\/p>\n<p>Haz clic aqu\u00ed para ver los requisitos de visa.<br \/>\n<a href=\"https:\/\/viajesagentur.com\/wp-content\/uploads\/2026\/02\/REQUISITOS-VISA-REINO-UNIDO.pdf\">REQUISITOS VISA REINO UNIDO<\/a><\/p>\n<\/div>\n<div class=\"contact_form7_wrapper\">\n<div class=\"wpcf7 no-js\" id=\"wpcf7-f4062-o1\" lang=\"es-ES\" dir=\"ltr\" data-wpcf7-id=\"4062\">\n<div class=\"screen-reader-response\">\n<p role=\"status\" aria-live=\"polite\" aria-atomic=\"true\">\n<ul><\/ul>\n<\/div>\n<form action=\"\/wp-admin\/post.php#wpcf7-f4062-o1\" method=\"post\" class=\"wpcf7-form init\" aria-label=\"Formulario de contacto\" novalidate=\"novalidate\" data-status=\"init\">\n<fieldset class=\"hidden-fields-container\"><input type=\"hidden\" name=\"_wpcf7\" value=\"4062\" \/><input type=\"hidden\" name=\"_wpcf7_version\" value=\"6.1.5\" \/><input type=\"hidden\" name=\"_wpcf7_locale\" value=\"es_ES\" \/><input type=\"hidden\" name=\"_wpcf7_unit_tag\" value=\"wpcf7-f4062-o1\" \/><input type=\"hidden\" name=\"_wpcf7_container_post\" value=\"0\" \/><input type=\"hidden\" name=\"_wpcf7_posted_data_hash\" value=\"\" \/><input type=\"hidden\" name=\"_wpcf7dtx_version\" value=\"5.0.5\" \/><br \/>\n<\/fieldset>\n<p><label> Tu nombre (obligatorio)<br \/>\n<span class=\"wpcf7-form-control-wrap\" data-name=\"your-name\"><input size=\"40\" maxlength=\"400\" class=\"wpcf7-form-control wpcf7-text wpcf7-validates-as-required\" aria-required=\"true\" aria-invalid=\"false\" value=\"\" type=\"text\" name=\"your-name\" \/><\/span> <\/label>\n<\/p>\n<p><label> Tu correo electr\u00f3nico (obligatorio)<br \/>\n<span class=\"wpcf7-form-control-wrap\" data-name=\"your-email\"><input size=\"40\" maxlength=\"400\" class=\"wpcf7-form-control wpcf7-email wpcf7-validates-as-required wpcf7-text wpcf7-validates-as-email\" aria-required=\"true\" aria-invalid=\"false\" value=\"\" type=\"email\" name=\"your-email\" \/><\/span> <\/label>\n<\/p>\n<p><label> N\u00ba Celular (obligatorio)<br \/>\n<span class=\"wpcf7-form-control-wrap\" data-name=\"phonee\"><input size=\"40\" maxlength=\"400\" class=\"wpcf7-form-control wpcf7-tel wpcf7-validates-as-required wpcf7-text wpcf7-validates-as-tel\" aria-required=\"true\" aria-invalid=\"false\" value=\"\" type=\"tel\" name=\"phonee\" \/><\/span> <\/label>\n<\/p>\n<p><label> Motivo de viaje (obligatorio)<br \/>\n<span class=\"wpcf7-form-control-wrap\" data-name=\"motivodeviaje\"><input size=\"40\" maxlength=\"400\" class=\"wpcf7-form-control wpcf7-text wpcf7-validates-as-required\" aria-required=\"true\" aria-invalid=\"false\" value=\"\" type=\"text\" name=\"motivodeviaje\" \/><\/span> <\/label>\n<\/p>\n<p><label> Pa\u00eds de destino (obligatorio)<br \/>\n<span class=\"wpcf7-form-control-wrap\" data-name=\"paisdedestino\"><select class=\"wpcf7-form-control wpcf7-select wpcf7-validates-as-required\" aria-required=\"true\" aria-invalid=\"false\" name=\"paisdedestino\"><option value=\"EEUU\">EEUU<\/option><option value=\"AUSTRALIA\">AUSTRALIA<\/option><option value=\"INGLATERRA\">INGLATERRA<\/option><option value=\"ESCOCIA\">ESCOCIA<\/option><option value=\"CANAD\u00c1\">CANAD\u00c1<\/option><option value=\"CHINA\">CHINA<\/option><option value=\"JAP\u00d3N\">JAP\u00d3N<\/option><option value=\"INDONESIA\">INDONESIA<\/option><option value=\"TAILANDIA\">TAILANDIA<\/option><option value=\"MARRUECOS\">MARRUECOS<\/option><option value=\"INDIA\">INDIA<\/option><option value=\"COSTA RICA\">COSTA RICA<\/option><\/select><\/span> <\/label>\n<\/p>\n<p><label> D\u00edas en los que podr\u00edas tener disponibilidad para una cita (obligatorio) <\/label><br \/>\n<span class=\"wpcf7-form-control-wrap\" data-name=\"dispon\"><span class=\"wpcf7-form-control wpcf7-checkbox wpcf7-validates-as-required\"><span class=\"wpcf7-list-item first\"><input type=\"checkbox\" name=\"dispon[]\" value=\"Lunes\" \/><span class=\"wpcf7-list-item-label\">Lunes<\/span><\/span><span class=\"wpcf7-list-item\"><input type=\"checkbox\" name=\"dispon[]\" value=\"Martes\" \/><span class=\"wpcf7-list-item-label\">Martes<\/span><\/span><span class=\"wpcf7-list-item\"><input type=\"checkbox\" name=\"dispon[]\" value=\"Miercoles\" \/><span class=\"wpcf7-list-item-label\">Miercoles<\/span><\/span><span class=\"wpcf7-list-item\"><input type=\"checkbox\" name=\"dispon[]\" value=\"Jueves\" \/><span class=\"wpcf7-list-item-label\">Jueves<\/span><\/span><span class=\"wpcf7-list-item last\"><input type=\"checkbox\" name=\"dispon[]\" value=\"Viernes\" \/><span class=\"wpcf7-list-item-label\">Viernes<\/span><\/span><\/span><\/span>\n<\/p>\n<p><label> \u00bfTengo mi pasaporte al d\u00eda? (obligatorio)<br \/>\n<span class=\"wpcf7-form-control-wrap\" data-name=\"pssprtveri\"><span class=\"wpcf7-form-control wpcf7-acceptance optional\"><span class=\"wpcf7-list-item\"><input type=\"checkbox\" name=\"pssprtveri\" value=\"1\" aria-invalid=\"false\" \/><\/span><\/span><\/span> <\/label>\n<\/p>\n<p><label> Informaci\u00f3n Adicional<br \/>\n<span class=\"wpcf7-form-control-wrap\" data-name=\"your-message\"><textarea cols=\"40\" rows=\"10\" maxlength=\"2000\" class=\"wpcf7-form-control wpcf7-textarea\" aria-invalid=\"false\" name=\"your-message\"><\/textarea><\/span> <\/label>\n<\/p>\n<p><input class=\"wpcf7-form-control wpcf7-submit has-spinner\" type=\"submit\" value=\"Enviar\" \/>\n<\/p>\n<div class=\"wpcf7-response-output\" aria-hidden=\"true\"><\/div>\n<\/form>\n<\/div>\n<\/div>\n<\/div>\n<\/div>\n<\/div>\n<\/div>\n<\/div>\n<\/div>\n","protected":false},"excerpt":{"rendered":"<p>Tr\u00e1mite de Visas Consulta aqu\u00ed m\u00e1s informaci\u00f3n sobre nuestros tr\u00e1mites y servicios. Puedes tambi\u00e9n ponerte en contacto con nosotros en la burbuja de Whatsapp en la parte inferior de la p\u00e1gina Agenda tu cita o cont\u00e1ctate con nosotros Haz clic [&hellip;]<\/p>\n","protected":false},"author":1,"featured_media":0,"parent":0,"menu_order":0,"comment_status":"closed","ping_status":"closed","template":"","meta":{"_exactmetrics_skip_tracking":false,"_exactmetrics_sitenote_active":false,"_exactmetrics_sitenote_note":"","_exactmetrics_sitenote_category":0,"footnotes":""},"class_list":["post-4034","page","type-page","status-publish","hentry"],"yoast_head":"<!-- This site is optimized with the Yoast SEO plugin v27.5 - https:\/\/yoast.com\/product\/yoast-seo-wordpress\/ -->\n<title>Visados<\/title>\n<meta name=\"description\" content=\"Asesor\u00eda completa para tr\u00e1mites de visa: requisitos, documentaci\u00f3n y acompa\u00f1amiento en todo el proceso.\" \/>\n<meta name=\"robots\" content=\"index, follow, max-snippet:-1, max-image-preview:large, max-video-preview:-1\" \/>\n<link rel=\"canonical\" href=\"https:\/\/viajesagentur.com\/?page_id=4034\" \/>\n<meta property=\"og:locale\" content=\"es_ES\" \/>\n<meta property=\"og:type\" content=\"article\" \/>\n<meta property=\"og:title\" content=\"Visados\" \/>\n<meta property=\"og:description\" content=\"Asesor\u00eda completa para tr\u00e1mites de visa: requisitos, documentaci\u00f3n y acompa\u00f1amiento en todo el proceso.\" \/>\n<meta property=\"og:url\" content=\"https:\/\/viajesagentur.com\/?page_id=4034\" \/>\n<meta property=\"og:site_name\" content=\"Viajes Agentur\" \/>\n<meta property=\"article:publisher\" content=\"https:\/\/www.facebook.com\/viajesagentur\" \/>\n<meta property=\"article:modified_time\" content=\"2026-02-24T19:47:39+00:00\" \/>\n<meta name=\"twitter:card\" content=\"summary_large_image\" \/>\n<meta name=\"twitter:label1\" content=\"Tiempo de lectura\" \/>\n\t<meta name=\"twitter:data1\" content=\"1 minuto\" \/>\n<script type=\"application\/ld+json\" class=\"yoast-schema-graph\">{\"@context\":\"https:\\\/\\\/schema.org\",\"@graph\":[{\"@type\":\"WebPage\",\"@id\":\"https:\\\/\\\/viajesagentur.com\\\/?page_id=4034\",\"url\":\"https:\\\/\\\/viajesagentur.com\\\/?page_id=4034\",\"name\":\"Visados\",\"isPartOf\":{\"@id\":\"https:\\\/\\\/viajesagentur.com\\\/#website\"},\"datePublished\":\"2020-10-15T19:15:22+00:00\",\"dateModified\":\"2026-02-24T19:47:39+00:00\",\"description\":\"Asesor\u00eda completa para tr\u00e1mites de visa: requisitos, documentaci\u00f3n y acompa\u00f1amiento en todo el proceso.\",\"breadcrumb\":{\"@id\":\"https:\\\/\\\/viajesagentur.com\\\/?page_id=4034#breadcrumb\"},\"inLanguage\":\"es\",\"potentialAction\":[{\"@type\":\"ReadAction\",\"target\":[\"https:\\\/\\\/viajesagentur.com\\\/?page_id=4034\"]}]},{\"@type\":\"BreadcrumbList\",\"@id\":\"https:\\\/\\\/viajesagentur.com\\\/?page_id=4034#breadcrumb\",\"itemListElement\":[{\"@type\":\"ListItem\",\"position\":1,\"name\":\"Portada\",\"item\":\"https:\\\/\\\/viajesagentur.com\\\/\"},{\"@type\":\"ListItem\",\"position\":2,\"name\":\"Visas\"}]},{\"@type\":\"WebSite\",\"@id\":\"https:\\\/\\\/viajesagentur.com\\\/#website\",\"url\":\"https:\\\/\\\/viajesagentur.com\\\/\",\"name\":\"Viajes Agentur\",\"description\":\"Agencia de viajes en Colombia - Planes Internacionales y Nacionales\",\"publisher\":{\"@id\":\"https:\\\/\\\/viajesagentur.com\\\/#organization\"},\"potentialAction\":[{\"@type\":\"SearchAction\",\"target\":{\"@type\":\"EntryPoint\",\"urlTemplate\":\"https:\\\/\\\/viajesagentur.com\\\/?s={search_term_string}\"},\"query-input\":{\"@type\":\"PropertyValueSpecification\",\"valueRequired\":true,\"valueName\":\"search_term_string\"}}],\"inLanguage\":\"es\"},{\"@type\":\"Organization\",\"@id\":\"https:\\\/\\\/viajesagentur.com\\\/#organization\",\"name\":\"Viajes Agentur\",\"url\":\"https:\\\/\\\/viajesagentur.com\\\/\",\"logo\":{\"@type\":\"ImageObject\",\"inLanguage\":\"es\",\"@id\":\"https:\\\/\\\/viajesagentur.com\\\/#\\\/schema\\\/logo\\\/image\\\/\",\"url\":\"https:\\\/\\\/i0.wp.com\\\/viajesagentur.com\\\/wp-content\\\/uploads\\\/2025\\\/12\\\/logo-agentur1.png?fit=601%2C201&ssl=1\",\"contentUrl\":\"https:\\\/\\\/i0.wp.com\\\/viajesagentur.com\\\/wp-content\\\/uploads\\\/2025\\\/12\\\/logo-agentur1.png?fit=601%2C201&ssl=1\",\"width\":601,\"height\":201,\"caption\":\"Viajes Agentur\"},\"image\":{\"@id\":\"https:\\\/\\\/viajesagentur.com\\\/#\\\/schema\\\/logo\\\/image\\\/\"},\"sameAs\":[\"https:\\\/\\\/www.facebook.com\\\/viajesagentur\",\"https:\\\/\\\/www.linkedin.com\\\/company\\\/agentur-travel\\\/\",\"https:\\\/\\\/www.instagram.com\\\/viajesagentur\\\/\"]}]}<\/script>\n<!-- \/ Yoast SEO plugin. -->","yoast_head_json":{"title":"Visados","description":"Asesor\u00eda completa para tr\u00e1mites de visa: requisitos, documentaci\u00f3n y acompa\u00f1amiento en todo el proceso.","robots":{"index":"index","follow":"follow","max-snippet":"max-snippet:-1","max-image-preview":"max-image-preview:large","max-video-preview":"max-video-preview:-1"},"canonical":"https:\/\/viajesagentur.com\/?page_id=4034","og_locale":"es_ES","og_type":"article","og_title":"Visados","og_description":"Asesor\u00eda completa para tr\u00e1mites de visa: requisitos, documentaci\u00f3n y acompa\u00f1amiento en todo el proceso.","og_url":"https:\/\/viajesagentur.com\/?page_id=4034","og_site_name":"Viajes Agentur","article_publisher":"https:\/\/www.facebook.com\/viajesagentur","article_modified_time":"2026-02-24T19:47:39+00:00","twitter_card":"summary_large_image","twitter_misc":{"Tiempo de lectura":"1 minuto"},"schema":{"@context":"https:\/\/schema.org","@graph":[{"@type":"WebPage","@id":"https:\/\/viajesagentur.com\/?page_id=4034","url":"https:\/\/viajesagentur.com\/?page_id=4034","name":"Visados","isPartOf":{"@id":"https:\/\/viajesagentur.com\/#website"},"datePublished":"2020-10-15T19:15:22+00:00","dateModified":"2026-02-24T19:47:39+00:00","description":"Asesor\u00eda completa para tr\u00e1mites de visa: requisitos, documentaci\u00f3n y acompa\u00f1amiento en todo el proceso.","breadcrumb":{"@id":"https:\/\/viajesagentur.com\/?page_id=4034#breadcrumb"},"inLanguage":"es","potentialAction":[{"@type":"ReadAction","target":["https:\/\/viajesagentur.com\/?page_id=4034"]}]},{"@type":"BreadcrumbList","@id":"https:\/\/viajesagentur.com\/?page_id=4034#breadcrumb","itemListElement":[{"@type":"ListItem","position":1,"name":"Portada","item":"https:\/\/viajesagentur.com\/"},{"@type":"ListItem","position":2,"name":"Visas"}]},{"@type":"WebSite","@id":"https:\/\/viajesagentur.com\/#website","url":"https:\/\/viajesagentur.com\/","name":"Viajes Agentur","description":"Agencia de viajes en Colombia - Planes Internacionales y Nacionales","publisher":{"@id":"https:\/\/viajesagentur.com\/#organization"},"potentialAction":[{"@type":"SearchAction","target":{"@type":"EntryPoint","urlTemplate":"https:\/\/viajesagentur.com\/?s={search_term_string}"},"query-input":{"@type":"PropertyValueSpecification","valueRequired":true,"valueName":"search_term_string"}}],"inLanguage":"es"},{"@type":"Organization","@id":"https:\/\/viajesagentur.com\/#organization","name":"Viajes Agentur","url":"https:\/\/viajesagentur.com\/","logo":{"@type":"ImageObject","inLanguage":"es","@id":"https:\/\/viajesagentur.com\/#\/schema\/logo\/image\/","url":"https:\/\/i0.wp.com\/viajesagentur.com\/wp-content\/uploads\/2025\/12\/logo-agentur1.png?fit=601%2C201&ssl=1","contentUrl":"https:\/\/i0.wp.com\/viajesagentur.com\/wp-content\/uploads\/2025\/12\/logo-agentur1.png?fit=601%2C201&ssl=1","width":601,"height":201,"caption":"Viajes Agentur"},"image":{"@id":"https:\/\/viajesagentur.com\/#\/schema\/logo\/image\/"},"sameAs":["https:\/\/www.facebook.com\/viajesagentur","https:\/\/www.linkedin.com\/company\/agentur-travel\/","https:\/\/www.instagram.com\/viajesagentur\/"]}]}},"jetpack_sharing_enabled":true,"_links":{"self":[{"href":"https:\/\/viajesagentur.com\/index.php?rest_route=\/wp\/v2\/pages\/4034","targetHints":{"allow":["GET"]}}],"collection":[{"href":"https:\/\/viajesagentur.com\/index.php?rest_route=\/wp\/v2\/pages"}],"about":[{"href":"https:\/\/viajesagentur.com\/index.php?rest_route=\/wp\/v2\/types\/page"}],"author":[{"embeddable":true,"href":"https:\/\/viajesagentur.com\/index.php?rest_route=\/wp\/v2\/users\/1"}],"replies":[{"embeddable":true,"href":"https:\/\/viajesagentur.com\/index.php?rest_route=%2Fwp%2Fv2%2Fcomments&post=4034"}],"version-history":[{"count":34,"href":"https:\/\/viajesagentur.com\/index.php?rest_route=\/wp\/v2\/pages\/4034\/revisions"}],"predecessor-version":[{"id":6900,"href":"https:\/\/viajesagentur.com\/index.php?rest_route=\/wp\/v2\/pages\/4034\/revisions\/6900"}],"wp:attachment":[{"href":"https:\/\/viajesagentur.com\/index.php?rest_route=%2Fwp%2Fv2%2Fmedia&parent=4034"}],"curies":[{"name":"wp","href":"https:\/\/api.w.org\/{rel}","templated":true}]}}